{"id":5451,"date":"2023-03-23T01:40:28","date_gmt":"2023-03-23T01:40:28","guid":{"rendered":"https:\/\/en.soins.shop\/?post_type=product&#038;p=5451"},"modified":"2023-12-13T20:24:57","modified_gmt":"2023-12-13T20:24:57","slug":"knee-support","status":"publish","type":"product","link":"https:\/\/en.soins.shop\/index.php\/product\/knee-support\/","title":{"rendered":"Knee Support"},"content":{"rendered":"<p>D\u00e9couvrez la genouill\u00e8re ultime pour un soutien et un confort optimaux &#8211; parfaite pour les athl\u00e8tes, les personnes actives et tous ceux qui cherchent \u00e0 prot\u00e9ger leurs genoux pendant une activit\u00e9 physique !<\/p>\n<p><img decoding=\"async\" loading=\"lazy\" class=\"alignnone size-full wp-image-5462 aligncenter\" src=\"http:\/\/en.soins.shop\/wp-content\/uploads\/2023\/03\/dsds.gif\" alt=\"\" width=\"220\" height=\"203\" \/><\/p>\n<p>Notre genouill\u00e8re est con\u00e7ue de mani\u00e8re experte avec des mat\u00e9riaux de premi\u00e8re qualit\u00e9 pour offrir un soutien et une stabilit\u00e9 maximum \u00e0 l&#8217;articulation du genou, tout en \u00e9tant l\u00e9g\u00e8re et confortable \u00e0 porter. La genouill\u00e8re est fabriqu\u00e9e \u00e0 partir d&#8217;un mat\u00e9riau n\u00e9opr\u00e8ne respirant, qui \u00e9vacue l&#8217;humidit\u00e9 pour garder votre peau s\u00e8che et fra\u00eeche.<\/p>\n<p><img decoding=\"async\" loading=\"lazy\" class=\"alignnone size-medium wp-image-5463 aligncenter\" src=\"http:\/\/en.soins.shop\/wp-content\/uploads\/2023\/03\/Knee-Compression-Sleeve-Fitness-Equipment-New-Arrivals-Color-MLXL-300x261.gif\" alt=\"\" width=\"300\" height=\"261\" \/><\/p>\n<p>La genouill\u00e8re est r\u00e9glable et peut \u00eatre personnalis\u00e9e pour s&#8217;adapter parfaitement \u00e0 votre genou, gr\u00e2ce \u00e0 ses sangles flexibles et ses fermetures velcro faciles \u00e0 utiliser. Elle convient \u00e9galement aux genoux gauche et droit, ce qui en fait un choix polyvalent et pratique.<\/p>\n<p><img decoding=\"async\" loading=\"lazy\" class=\"alignnone size-medium wp-image-5464 aligncenter\" src=\"http:\/\/en.soins.shop\/wp-content\/uploads\/2023\/03\/Knee-Compression-Sleeve-Fitness-Equipment-New-Arrivals-Color-MLXL-1-300x296.gif\" alt=\"\" width=\"300\" height=\"296\" srcset=\"https:\/\/en.soins.shop\/wp-content\/uploads\/2023\/03\/Knee-Compression-Sleeve-Fitness-Equipment-New-Arrivals-Color-MLXL-1-300x296.gif 300w, https:\/\/en.soins.shop\/wp-content\/uploads\/2023\/03\/Knee-Compression-Sleeve-Fitness-Equipment-New-Arrivals-Color-MLXL-1-100x100.gif 100w\" sizes=\"(max-width: 300px) 100vw, 300px\" \/><\/p>\n<p>La genouill\u00e8re est id\u00e9ale pour une utilisation pendant des sports tels que le basketball, le football, le tennis et la course \u00e0 pied, ainsi que pour les activit\u00e9s quotidiennes qui peuvent mettre le genou sous stress. Elle peut aider \u00e0 pr\u00e9venir les blessures, r\u00e9duire la douleur et l&#8217;inflammation, et offrir le soutien suppl\u00e9mentaire n\u00e9cessaire pour performer au mieux de vos capacit\u00e9s.<\/p>\n<p>Ne laissez pas la douleur et l&#8217;inconfort au niveau du genou vous freiner &#8211; essayez notre genouill\u00e8re d\u00e8s aujourd&#8217;hui et ressentez la diff\u00e9rence en termes de soutien et de confort !<\/p>\n","protected":false},"excerpt":{"rendered":"<p>D\u00e9couvrez la genouill\u00e8re ultime pour un soutien et un confort optimaux &#8211; parfaite pour les athl\u00e8tes, les personnes actives et tous ceux qui cherchent \u00e0 prot\u00e9ger leurs genoux pendant une activit\u00e9 physique ! Notre genouill\u00e8re en n\u00e9opr\u00e8ne respirant et r\u00e9glable est id\u00e9ale pour les sports et les activit\u00e9s quotidiennes. Elle peut aider \u00e0 pr\u00e9venir les blessures, r\u00e9duire la douleur et l&#8217;inflammation, et offrir le soutien suppl\u00e9mentaire n\u00e9cessaire pour performer au mieux de vos capacit\u00e9s. Commandez maintenant pour une performance sans compromis et une protection optimale de vos genoux !<\/p>\n","protected":false},"featured_media":5452,"template":"","meta":{"site-sidebar-layout":"default","site-content-layout":"default","ast-site-content-layout":"default","site-content-style":"default","site-sidebar-style":"default","ast-global-header-display":"","ast-banner-title-visibility":"","ast-main-header-display":"","ast-hfb-above-header-display":"","ast-hfb-below-header-display":"","ast-hfb-mobile-header-display":"","site-post-title":"","ast-breadcrumbs-content":"","ast-featured-img":"","footer-sml-layout":"","theme-transparent-header-meta":"default","adv-header-id-meta":"","stick-header-meta":"","header-above-stick-meta":"","header-main-stick-meta":"","header-below-stick-meta":"","astra-migrate-meta-layouts":"set"},"product_cat":[50,32,49],"product_tag":[],"_links":{"self":[{"href":"https:\/\/en.soins.shop\/index.php\/wp-json\/wp\/v2\/product\/5451"}],"collection":[{"href":"https:\/\/en.soins.shop\/index.php\/wp-json\/wp\/v2\/product"}],"about":[{"href":"https:\/\/en.soins.shop\/index.php\/wp-json\/wp\/v2\/types\/product"}],"wp:featuredmedia":[{"embeddable":true,"href":"https:\/\/en.soins.shop\/index.php\/wp-json\/wp\/v2\/media\/5452"}],"wp:attachment":[{"href":"https:\/\/en.soins.shop\/index.php\/wp-json\/wp\/v2\/media?parent=5451"}],"wp:term":[{"taxonomy":"product_cat","embeddable":true,"href":"https:\/\/en.soins.shop\/index.php\/wp-json\/wp\/v2\/product_cat?post=5451"},{"taxonomy":"product_tag","embeddable":true,"href":"https:\/\/en.soins.shop\/index.php\/wp-json\/wp\/v2\/product_tag?post=5451"}],"curies":[{"name":"wp","href":"https:\/\/api.w.org\/{rel}","templated":true}]}}